{"id":8194,"date":"2016-12-07T13:57:12","date_gmt":"2016-12-07T12:57:12","guid":{"rendered":"http:\/\/www.tresce.com\/blog\/?page_id=8194"},"modified":"2019-02-18T13:51:47","modified_gmt":"2019-02-18T12:51:47","slug":"quienes-somos","status":"publish","type":"page","link":"https:\/\/www.tresce.com\/blog\/quienes-somos\/","title":{"rendered":"Quienes somos"},"content":{"rendered":"<p>[vc_row][vc_column][vc_column_text]<img loading=\"lazy\" decoding=\"async\" class=\"aligncenter size-full wp-image-9038\" src=\"https:\/\/www.tresce.com\/blog\/wp-content\/uploads\/2018\/04\/cabecera_face.jpg\" alt=\"\" width=\"851\" height=\"315\" srcset=\"https:\/\/www.tresce.com\/blog\/wp-content\/uploads\/2018\/04\/cabecera_face.jpg 851w, https:\/\/www.tresce.com\/blog\/wp-content\/uploads\/2018\/04\/cabecera_face-768x284.jpg 768w\" sizes=\"auto, (max-width: 851px) 100vw, 851px\" \/><\/p>\n<h2><strong>\u00bfPreparado para la transformaci\u00f3n digital?<\/strong><\/h2>\n<p>Todo el equipo de Tresce queremos acompa\u00f1arte en la inmersi\u00f3n y desarrollo en el mundo digital 3.0. Estamos aqu\u00ed para guiarte y ayudarte a llegar a tus clientes. Nuestro empe\u00f1o es proyectar tus resultados a lo m\u00e1s alto de la red mediante un servicio global de marketing digital.<\/p>\n<p>Como <a href=\"https:\/\/www.tresce.com\/?utm_source=blog&amp;utm_medium=link&amp;utm_campaign=pagina_quines-somos\" target=\"_blank\" rel=\"noopener\"><strong>agencia de marketing online<\/strong><\/a> con m\u00e1s de 20 a\u00f1os, conocemos tu d\u00eda a d\u00eda y las tendencias en comunicaci\u00f3n para conectar con los p\u00fablicos.<\/p>\n<p>Cu\u00e9ntanos tu nuevo proyecto y comenzaremos tu\u00a0<strong>transformaci\u00f3n digital <\/strong>y haremos que sea lo m\u00e1s efectiva posible.[\/vc_column_text][\/vc_column][\/vc_row]<\/p>\n","protected":false},"excerpt":{"rendered":"<p>[vc_row][vc_column][vc_column_text] \u00bfPreparado para la transformaci\u00f3n digital? Todo el equipo de Tresce queremos acompa\u00f1arte en la inmersi\u00f3n y desarrollo en el mundo digital 3.0. Estamos aqu\u00ed para guiarte y ayudarte a llegar a tus clientes. Nuestro empe\u00f1o es proyectar tus resultados a lo m\u00e1s alto de la red mediante un servicio global de marketing digital. Como [&hellip;]<\/p>\n","protected":false},"author":4,"featured_media":0,"parent":0,"menu_order":0,"comment_status":"closed","ping_status":"closed","template":"page-templates\/builder.php","meta":{"footnotes":""},"class_list":["post-8194","page","type-page","status-publish","hentry"],"yoast_head":"<!-- This site is optimized with the Yoast SEO plugin v24.4 - https:\/\/yoast.com\/wordpress\/plugins\/seo\/ -->\n<title>Quienes somos - Blog Tresce<\/title>\n<meta name=\"robots\" content=\"index, follow, max-snippet:-1, max-image-preview:large, max-video-preview:-1\" \/>\n<link rel=\"canonical\" href=\"https:\/\/www.tresce.com\/blog\/quienes-somos\/\" \/>\n<meta property=\"og:locale\" content=\"es_ES\" \/>\n<meta property=\"og:type\" content=\"article\" \/>\n<meta property=\"og:title\" content=\"Quienes somos - Blog Tresce\" \/>\n<meta property=\"og:description\" content=\"[vc_row][vc_column][vc_column_text] \u00bfPreparado para la transformaci\u00f3n digital? Todo el equipo de Tresce queremos acompa\u00f1arte en la inmersi\u00f3n y desarrollo en el mundo digital 3.0. Estamos aqu\u00ed para guiarte y ayudarte a llegar a tus clientes. Nuestro empe\u00f1o es proyectar tus resultados a lo m\u00e1s alto de la red mediante un servicio global de marketing digital. Como [&hellip;]\" \/>\n<meta property=\"og:url\" content=\"https:\/\/www.tresce.com\/blog\/quienes-somos\/\" \/>\n<meta property=\"og:site_name\" content=\"Blog Tresce\" \/>\n<meta property=\"article:modified_time\" content=\"2019-02-18T12:51:47+00:00\" \/>\n<meta property=\"og:image\" content=\"https:\/\/www.tresce.com\/blog\/wp-content\/uploads\/2018\/04\/cabecera_face.jpg\" \/>\n\t<meta property=\"og:image:width\" content=\"851\" \/>\n\t<meta property=\"og:image:height\" content=\"315\" \/>\n\t<meta property=\"og:image:type\" content=\"image\/jpeg\" \/>\n<meta name=\"twitter:card\" content=\"summary_large_image\" \/>\n<meta name=\"twitter:site\" content=\"@tresce\" \/>\n<meta name=\"twitter:label1\" content=\"Tiempo de lectura\" \/>\n\t<meta name=\"twitter:data1\" content=\"1 minuto\" \/>\n<script type=\"application\/ld+json\" class=\"yoast-schema-graph\">{\"@context\":\"https:\/\/schema.org\",\"@graph\":[{\"@type\":\"WebPage\",\"@id\":\"https:\/\/www.tresce.com\/blog\/quienes-somos\/\",\"url\":\"https:\/\/www.tresce.com\/blog\/quienes-somos\/\",\"name\":\"Quienes somos - Blog Tresce\",\"isPartOf\":{\"@id\":\"https:\/\/www.tresce.com\/blog\/#website\"},\"primaryImageOfPage\":{\"@id\":\"https:\/\/www.tresce.com\/blog\/quienes-somos\/#primaryimage\"},\"image\":{\"@id\":\"https:\/\/www.tresce.com\/blog\/quienes-somos\/#primaryimage\"},\"thumbnailUrl\":\"https:\/\/www.tresce.com\/blog\/wp-content\/uploads\/2018\/04\/cabecera_face.jpg\",\"datePublished\":\"2016-12-07T12:57:12+00:00\",\"dateModified\":\"2019-02-18T12:51:47+00:00\",\"breadcrumb\":{\"@id\":\"https:\/\/www.tresce.com\/blog\/quienes-somos\/#breadcrumb\"},\"inLanguage\":\"es\",\"potentialAction\":[{\"@type\":\"ReadAction\",\"target\":[\"https:\/\/www.tresce.com\/blog\/quienes-somos\/\"]}]},{\"@type\":\"ImageObject\",\"inLanguage\":\"es\",\"@id\":\"https:\/\/www.tresce.com\/blog\/quienes-somos\/#primaryimage\",\"url\":\"https:\/\/www.tresce.com\/blog\/wp-content\/uploads\/2018\/04\/cabecera_face.jpg\",\"contentUrl\":\"https:\/\/www.tresce.com\/blog\/wp-content\/uploads\/2018\/04\/cabecera_face.jpg\",\"width\":851,\"height\":315},{\"@type\":\"BreadcrumbList\",\"@id\":\"https:\/\/www.tresce.com\/blog\/quienes-somos\/#breadcrumb\",\"itemListElement\":[{\"@type\":\"ListItem\",\"position\":1,\"name\":\"Portada\",\"item\":\"https:\/\/www.tresce.com\/blog\/\"},{\"@type\":\"ListItem\",\"position\":2,\"name\":\"Quienes somos\"}]},{\"@type\":\"WebSite\",\"@id\":\"https:\/\/www.tresce.com\/blog\/#website\",\"url\":\"https:\/\/www.tresce.com\/blog\/\",\"name\":\"Blog Tresce\",\"description\":\"Agencia Marketing y Publicidad Online\",\"potentialAction\":[{\"@type\":\"SearchAction\",\"target\":{\"@type\":\"EntryPoint\",\"urlTemplate\":\"https:\/\/www.tresce.com\/blog\/?s={search_term_string}\"},\"query-input\":{\"@type\":\"PropertyValueSpecification\",\"valueRequired\":true,\"valueName\":\"search_term_string\"}}],\"inLanguage\":\"es\"}]}<\/script>\n<!-- \/ Yoast SEO plugin. -->","yoast_head_json":{"title":"Quienes somos - Blog Tresce","robots":{"index":"index","follow":"follow","max-snippet":"max-snippet:-1","max-image-preview":"max-image-preview:large","max-video-preview":"max-video-preview:-1"},"canonical":"https:\/\/www.tresce.com\/blog\/quienes-somos\/","og_locale":"es_ES","og_type":"article","og_title":"Quienes somos - Blog Tresce","og_description":"[vc_row][vc_column][vc_column_text] \u00bfPreparado para la transformaci\u00f3n digital? Todo el equipo de Tresce queremos acompa\u00f1arte en la inmersi\u00f3n y desarrollo en el mundo digital 3.0. Estamos aqu\u00ed para guiarte y ayudarte a llegar a tus clientes. Nuestro empe\u00f1o es proyectar tus resultados a lo m\u00e1s alto de la red mediante un servicio global de marketing digital. Como [&hellip;]","og_url":"https:\/\/www.tresce.com\/blog\/quienes-somos\/","og_site_name":"Blog Tresce","article_modified_time":"2019-02-18T12:51:47+00:00","og_image":[{"width":851,"height":315,"url":"https:\/\/www.tresce.com\/blog\/wp-content\/uploads\/2018\/04\/cabecera_face.jpg","type":"image\/jpeg"}],"twitter_card":"summary_large_image","twitter_site":"@tresce","twitter_misc":{"Tiempo de lectura":"1 minuto"},"schema":{"@context":"https:\/\/schema.org","@graph":[{"@type":"WebPage","@id":"https:\/\/www.tresce.com\/blog\/quienes-somos\/","url":"https:\/\/www.tresce.com\/blog\/quienes-somos\/","name":"Quienes somos - Blog Tresce","isPartOf":{"@id":"https:\/\/www.tresce.com\/blog\/#website"},"primaryImageOfPage":{"@id":"https:\/\/www.tresce.com\/blog\/quienes-somos\/#primaryimage"},"image":{"@id":"https:\/\/www.tresce.com\/blog\/quienes-somos\/#primaryimage"},"thumbnailUrl":"https:\/\/www.tresce.com\/blog\/wp-content\/uploads\/2018\/04\/cabecera_face.jpg","datePublished":"2016-12-07T12:57:12+00:00","dateModified":"2019-02-18T12:51:47+00:00","breadcrumb":{"@id":"https:\/\/www.tresce.com\/blog\/quienes-somos\/#breadcrumb"},"inLanguage":"es","potentialAction":[{"@type":"ReadAction","target":["https:\/\/www.tresce.com\/blog\/quienes-somos\/"]}]},{"@type":"ImageObject","inLanguage":"es","@id":"https:\/\/www.tresce.com\/blog\/quienes-somos\/#primaryimage","url":"https:\/\/www.tresce.com\/blog\/wp-content\/uploads\/2018\/04\/cabecera_face.jpg","contentUrl":"https:\/\/www.tresce.com\/blog\/wp-content\/uploads\/2018\/04\/cabecera_face.jpg","width":851,"height":315},{"@type":"BreadcrumbList","@id":"https:\/\/www.tresce.com\/blog\/quienes-somos\/#breadcrumb","itemListElement":[{"@type":"ListItem","position":1,"name":"Portada","item":"https:\/\/www.tresce.com\/blog\/"},{"@type":"ListItem","position":2,"name":"Quienes somos"}]},{"@type":"WebSite","@id":"https:\/\/www.tresce.com\/blog\/#website","url":"https:\/\/www.tresce.com\/blog\/","name":"Blog Tresce","description":"Agencia Marketing y Publicidad Online","potentialAction":[{"@type":"SearchAction","target":{"@type":"EntryPoint","urlTemplate":"https:\/\/www.tresce.com\/blog\/?s={search_term_string}"},"query-input":{"@type":"PropertyValueSpecification","valueRequired":true,"valueName":"search_term_string"}}],"inLanguage":"es"}]}},"_links":{"self":[{"href":"https:\/\/www.tresce.com\/blog\/wp-json\/wp\/v2\/pages\/8194","targetHints":{"allow":["GET"]}}],"collection":[{"href":"https:\/\/www.tresce.com\/blog\/wp-json\/wp\/v2\/pages"}],"about":[{"href":"https:\/\/www.tresce.com\/blog\/wp-json\/wp\/v2\/types\/page"}],"author":[{"embeddable":true,"href":"https:\/\/www.tresce.com\/blog\/wp-json\/wp\/v2\/users\/4"}],"replies":[{"embeddable":true,"href":"https:\/\/www.tresce.com\/blog\/wp-json\/wp\/v2\/comments?post=8194"}],"version-history":[{"count":12,"href":"https:\/\/www.tresce.com\/blog\/wp-json\/wp\/v2\/pages\/8194\/revisions"}],"predecessor-version":[{"id":9502,"href":"https:\/\/www.tresce.com\/blog\/wp-json\/wp\/v2\/pages\/8194\/revisions\/9502"}],"wp:attachment":[{"href":"https:\/\/www.tresce.com\/blog\/wp-json\/wp\/v2\/media?parent=8194"}],"curies":[{"name":"wp","href":"https:\/\/api.w.org\/{rel}","templated":true}]}}